{"id":298,"date":"2015-11-04T17:02:23","date_gmt":"2015-11-04T16:02:23","guid":{"rendered":"https:\/\/funtrip-canyoning.fr\/en\/collectivites\/"},"modified":"2018-02-05T07:43:24","modified_gmt":"2018-02-05T06:43:24","slug":"collectivites","status":"publish","type":"page","link":"https:\/\/funtrip-canyoning.fr\/en\/collectivites\/","title":{"rendered":"Funtrip for Collectivities"},"content":{"rendered":"<div>\n<blockquote><p>FAITES DE VOS EVENEMENTS UN MOMENT UNIQUE !<\/p><\/blockquote>\n<p>Chaque programme, encadr\u00e9 par une \u00e9quipe de guides professionnels, sera adapt\u00e9 \u00e0 votre demande. Sortie canyoning, sp\u00e9l\u00e9ologie, challenge ou raids\u2026 quel que soit votre projet, nous sommes \u00e0 votre \u00e9coute et nous d\u00e9finissons ensemble l\u2019activit\u00e9 et le fil conducteur de votre s\u00e9jour, en coh\u00e9rence avec votre service jeunesse et culturel.<\/p>\n<p>Toutes les activit\u00e9s, qu\u2019elles aient lieu dans l\u2019eau (canyoning, plong\u00e9e sous-marine), sur terre (sp\u00e9l\u00e9ologie, VTT, randonn\u00e9e p\u00e9destre\u2026) ou dans l\u2019air (Via Ferrata, parapente, delta plane\u2026), sont encadr\u00e9es par des guides qualifi\u00e9s dans le domaine et hautement exp\u00e9riment\u00e9s, qui ont donc une connaissance parfaite de leur activit\u00e9 et des sites o\u00f9 elle se pratique sur l\u2019ensemble du territoire. Tous passionn\u00e9s et dipl\u00f4m\u00e9s d\u2019Etat, ils savent ma\u00eetriser et anticiper les risques.<\/p>\n<p>Nous vous proposons :<br \/>\n  <!-- Nav tabs --><\/p>\n<ul class=\"nav nav-tabs\" role=\"tablist\">\n<li role=\"presentation\" class=\"active\"><a href=\"#aventures\" aria-controls=\"aventures\" role=\"tab\" data-toggle=\"tab\">Parcours Aventure<\/a><\/li>\n<li role=\"presentation\"><a href=\"#raids\" aria-controls=\"raids\" role=\"tab\" data-toggle=\"tab\">Raids urbains &#038; aventure<\/a><\/li>\n<li role=\"presentation\"><a href=\"#canyon\" aria-controls=\"canyon\" role=\"tab\" data-toggle=\"tab\">Sorties Canyoning  <\/a><\/li>\n<li role=\"presentation\"><a href=\"#speleo\" aria-controls=\"speleo\" role=\"tab\" data-toggle=\"tab\">Sorties Sp\u00e9l\u00e9ologie<\/a><\/li>\n<li role=\"presentation\"><a href=\"#ferrata\" aria-controls=\"ferrata\" role=\"tab\" data-toggle=\"tab\">Via Ferrata<\/a><\/li>\n<\/ul>\n<p>  <!-- Tab panes --><\/p>\n<div class=\"tab-content\">\n<div role=\"tabpanel\" class=\"tab-pane active\" id=\"aventures\">\n<blockquote><p>LE PARCOURS AVENTURE<\/p><\/blockquote>\n<div class=\"col-sm-6\"><img loading=\"lazy\" decoding=\"async\" src=\"https:\/\/funtrip-canyoning.fr\/wp-content\/uploads\/2015\/11\/Parcours-EZE1-1024x1024.jpg\" alt=\"parcours-eze1\" width=\"1024\" height=\"1024\" class=\"aligncenter size-large wp-image-1316\" srcset=\"https:\/\/funtrip-canyoning.fr\/wp-content\/uploads\/2015\/11\/Parcours-EZE1-1024x1024.jpg 1024w, https:\/\/funtrip-canyoning.fr\/wp-content\/uploads\/2015\/11\/Parcours-EZE1-150x150.jpg 150w, https:\/\/funtrip-canyoning.fr\/wp-content\/uploads\/2015\/11\/Parcours-EZE1-300x300.jpg 300w, https:\/\/funtrip-canyoning.fr\/wp-content\/uploads\/2015\/11\/Parcours-EZE1-768x768.jpg 768w, https:\/\/funtrip-canyoning.fr\/wp-content\/uploads\/2015\/11\/Parcours-EZE1-180x180.jpg 180w, https:\/\/funtrip-canyoning.fr\/wp-content\/uploads\/2015\/11\/Parcours-EZE1-600x600.jpg 600w\" sizes=\"auto, (max-width: 1024px) 100vw, 1024px\" \/><\/div>\n<div class=\"col-sm-6\">Le Parcours Aventure Mobile peut s&#8217;implanter dans un espace Naturel ou artificiel. C&#8217;est une activit\u00e9 Ludique et P\u00e9dagogique. C&#8217;est une structure auto-stable, aucun arbre n&#8217;est n\u00e9cessaire, n&#8217;y aucun trou pour la monter et la fixer.<\/br><br \/>\nOn peut pratiquer \u00e0 partir de 5 ans ou 1 m 10 minimum jusqu&#8217;aux adultes (120 KG max par plateforme).<br \/>\nLes enfants joueront les aventuriers, \u00e0 travers les 7 ateliers que cette structure propose.\n<\/div>\n<div class=\"col-sm-12\"><\/div>\n<div class=\"col-sm-6\"><img loading=\"lazy\" decoding=\"async\" src=\"https:\/\/funtrip-canyoning.fr\/wp-content\/uploads\/2015\/11\/Draguignan-2015-10-1-1024x768.jpg\" alt=\"OLYMPUS DIGITAL CAMERA\" width=\"1024\" height=\"768\" class=\"aligncenter size-large wp-image-1318\" srcset=\"https:\/\/funtrip-canyoning.fr\/wp-content\/uploads\/2015\/11\/Draguignan-2015-10-1-1024x768.jpg 1024w, https:\/\/funtrip-canyoning.fr\/wp-content\/uploads\/2015\/11\/Draguignan-2015-10-1-300x225.jpg 300w, https:\/\/funtrip-canyoning.fr\/wp-content\/uploads\/2015\/11\/Draguignan-2015-10-1-768x576.jpg 768w\" sizes=\"auto, (max-width: 1024px) 100vw, 1024px\" \/><\/div>\n<div class=\"col-sm-6\"><img loading=\"lazy\" decoding=\"async\" src=\"https:\/\/funtrip-canyoning.fr\/wp-content\/uploads\/2015\/11\/Draguignan-2015-11-1024x768.jpg\" alt=\"OLYMPUS DIGITAL CAMERA\" width=\"1024\" height=\"768\" class=\"aligncenter size-large wp-image-1320\" srcset=\"https:\/\/funtrip-canyoning.fr\/wp-content\/uploads\/2015\/11\/Draguignan-2015-11-1024x768.jpg 1024w, https:\/\/funtrip-canyoning.fr\/wp-content\/uploads\/2015\/11\/Draguignan-2015-11-300x225.jpg 300w, https:\/\/funtrip-canyoning.fr\/wp-content\/uploads\/2015\/11\/Draguignan-2015-11-768x576.jpg 768w\" sizes=\"auto, (max-width: 1024px) 100vw, 1024px\" \/><\/div>\n<div class=\"col-sm-12\"><\/div>\n<div class=\"col-sm-6\"><img loading=\"lazy\" decoding=\"async\" src=\"https:\/\/funtrip-canyoning.fr\/wp-content\/uploads\/2015\/11\/Draguignan-2015-13-1-1024x768.jpg\" alt=\"OLYMPUS DIGITAL CAMERA\" width=\"1024\" height=\"768\" class=\"aligncenter size-large wp-image-1321\" srcset=\"https:\/\/funtrip-canyoning.fr\/wp-content\/uploads\/2015\/11\/Draguignan-2015-13-1-1024x768.jpg 1024w, https:\/\/funtrip-canyoning.fr\/wp-content\/uploads\/2015\/11\/Draguignan-2015-13-1-300x225.jpg 300w, https:\/\/funtrip-canyoning.fr\/wp-content\/uploads\/2015\/11\/Draguignan-2015-13-1-768x576.jpg 768w\" sizes=\"auto, (max-width: 1024px) 100vw, 1024px\" \/><\/div>\n<div class=\"col-sm-6\"><img loading=\"lazy\" decoding=\"async\" src=\"https:\/\/funtrip-canyoning.fr\/wp-content\/uploads\/2015\/11\/Telethon-2015-Mougins3-1024x768.jpg\" alt=\"telethon-2015-mougins3\" width=\"1024\" height=\"768\" class=\"aligncenter size-large wp-image-1322\" srcset=\"https:\/\/funtrip-canyoning.fr\/wp-content\/uploads\/2015\/11\/Telethon-2015-Mougins3-1024x768.jpg 1024w, https:\/\/funtrip-canyoning.fr\/wp-content\/uploads\/2015\/11\/Telethon-2015-Mougins3-300x225.jpg 300w, https:\/\/funtrip-canyoning.fr\/wp-content\/uploads\/2015\/11\/Telethon-2015-Mougins3-768x576.jpg 768w\" sizes=\"auto, (max-width: 1024px) 100vw, 1024px\" \/><\/div>\n<div class=\"col-sm-12\"><\/div>\n<div class=\"col-sm-6\"><img loading=\"lazy\" decoding=\"async\" src=\"https:\/\/funtrip-canyoning.fr\/wp-content\/uploads\/2015\/11\/Draguignan-2015-7-1024x768.jpg\" alt=\"OLYMPUS DIGITAL CAMERA\" width=\"1024\" height=\"768\" class=\"aligncenter size-large wp-image-1323\" srcset=\"https:\/\/funtrip-canyoning.fr\/wp-content\/uploads\/2015\/11\/Draguignan-2015-7-1024x768.jpg 1024w, https:\/\/funtrip-canyoning.fr\/wp-content\/uploads\/2015\/11\/Draguignan-2015-7-300x225.jpg 300w, https:\/\/funtrip-canyoning.fr\/wp-content\/uploads\/2015\/11\/Draguignan-2015-7-768x576.jpg 768w\" sizes=\"auto, (max-width: 1024px) 100vw, 1024px\" \/><\/div>\n<div class=\"col-sm-6\"><img loading=\"lazy\" decoding=\"async\" src=\"https:\/\/funtrip-canyoning.fr\/wp-content\/uploads\/2015\/11\/Saint-Vallier-Baume-Obscure3-768x1024.jpg\" alt=\"OLYMPUS DIGITAL CAMERA\" width=\"768\" height=\"1024\" class=\"aligncenter size-large wp-image-1324\" srcset=\"https:\/\/funtrip-canyoning.fr\/wp-content\/uploads\/2015\/11\/Saint-Vallier-Baume-Obscure3-768x1024.jpg 768w, https:\/\/funtrip-canyoning.fr\/wp-content\/uploads\/2015\/11\/Saint-Vallier-Baume-Obscure3-225x300.jpg 225w\" sizes=\"auto, (max-width: 768px) 100vw, 768px\" \/><\/div>\n<\/div>\n<div role=\"tabpanel\" class=\"tab-pane\" id=\"raids\">\n<blockquote><p>LA CREATION DE RAIDS URBAINS &#038; AVENTURE<\/p><\/blockquote>\n<div class=\"col-sm-6\">\n<p>Pneu au sol, mur de paille, fil d&#8217;araign\u00e9e, passage dans un filet, tuyau au sol ou<br \/>\nsp\u00e9l\u00e9o palette (selon disponibilit\u00e9)<\/br><\/p>\n<p>Motivez vos \u00e9quipes en leur offrant une activit\u00e9 au cours de laquelle coh\u00e9sion et convivialit\u00e9, rire, bonne humeur et partage seront au rendez-vous. Chacun devra se d\u00e9passer et relever des d\u00e9fis pour quelques heures ou sur une journ\u00e9e.<\/br><\/p>\n<p>Toutes ces activit\u00e9s peuvent \u00eatre transform\u00e9es en challenges par l\u2019int\u00e9gration de quiz, d\u2019une chasse au tr\u00e9sor, de courses d\u2019orientation, de jeux, de d\u00e9fis \u00e0 relever. Des journ\u00e9e multi-activit\u00e9s pouvant \u00eatre nourries par un th\u00e8me que nous pourrons d\u00e9terminer ensemble : environnement, \u00e9cologie, patrimoine\u2026<\/p>\n<\/div>\n<div class=\"col-sm-6\">\n<img loading=\"lazy\" decoding=\"async\" src=\"https:\/\/funtrip-canyoning.fr\/wp-content\/uploads\/2015\/11\/terre-blanche-fayence4-1024x768.jpg\" alt=\"terre-blanche-fayence4\" width=\"1024\" height=\"768\" class=\"aligncenter size-large wp-image-1331\" srcset=\"https:\/\/funtrip-canyoning.fr\/wp-content\/uploads\/2015\/11\/terre-blanche-fayence4-1024x768.jpg 1024w, https:\/\/funtrip-canyoning.fr\/wp-content\/uploads\/2015\/11\/terre-blanche-fayence4-300x225.jpg 300w, https:\/\/funtrip-canyoning.fr\/wp-content\/uploads\/2015\/11\/terre-blanche-fayence4-768x576.jpg 768w\" sizes=\"auto, (max-width: 1024px) 100vw, 1024px\" \/>\n<\/div>\n<div class=\"col-sm-6\"><img loading=\"lazy\" decoding=\"async\" src=\"https:\/\/funtrip-canyoning.fr\/wp-content\/uploads\/2015\/11\/Raid-des-Familles-Mougins-1024x768.jpg\" alt=\"raid-des-familles-mougins\" width=\"1024\" height=\"768\" class=\"aligncenter size-large wp-image-1335\" srcset=\"https:\/\/funtrip-canyoning.fr\/wp-content\/uploads\/2015\/11\/Raid-des-Familles-Mougins-1024x768.jpg 1024w, https:\/\/funtrip-canyoning.fr\/wp-content\/uploads\/2015\/11\/Raid-des-Familles-Mougins-300x225.jpg 300w, https:\/\/funtrip-canyoning.fr\/wp-content\/uploads\/2015\/11\/Raid-des-Familles-Mougins-768x576.jpg 768w\" sizes=\"auto, (max-width: 1024px) 100vw, 1024px\" \/><\/div>\n<div class=\"col-sm-6\"><img loading=\"lazy\" decoding=\"async\" src=\"https:\/\/funtrip-canyoning.fr\/wp-content\/uploads\/2015\/11\/terre-blanche-fayence2-1024x768.jpg\" alt=\"terre-blanche-fayence2\" width=\"1024\" height=\"768\" class=\"aligncenter size-large wp-image-1332\" srcset=\"https:\/\/funtrip-canyoning.fr\/wp-content\/uploads\/2015\/11\/terre-blanche-fayence2-1024x768.jpg 1024w, https:\/\/funtrip-canyoning.fr\/wp-content\/uploads\/2015\/11\/terre-blanche-fayence2-300x225.jpg 300w, https:\/\/funtrip-canyoning.fr\/wp-content\/uploads\/2015\/11\/terre-blanche-fayence2-768x576.jpg 768w\" sizes=\"auto, (max-width: 1024px) 100vw, 1024px\" \/><\/div>\n<div class=\"col-sm-6\"><img loading=\"lazy\" decoding=\"async\" src=\"https:\/\/funtrip-canyoning.fr\/wp-content\/uploads\/2015\/11\/Urban-trail-grasse4-1024x768.jpg\" alt=\"urban-trail-grasse4\" width=\"1024\" height=\"768\" class=\"aligncenter size-large wp-image-1334\" srcset=\"https:\/\/funtrip-canyoning.fr\/wp-content\/uploads\/2015\/11\/Urban-trail-grasse4-1024x768.jpg 1024w, https:\/\/funtrip-canyoning.fr\/wp-content\/uploads\/2015\/11\/Urban-trail-grasse4-300x225.jpg 300w, https:\/\/funtrip-canyoning.fr\/wp-content\/uploads\/2015\/11\/Urban-trail-grasse4-768x576.jpg 768w, https:\/\/funtrip-canyoning.fr\/wp-content\/uploads\/2015\/11\/Urban-trail-grasse4.jpg 2048w\" sizes=\"auto, (max-width: 1024px) 100vw, 1024px\" \/><\/div>\n<\/div>\n<div role=\"tabpanel\" class=\"tab-pane\" id=\"canyon\">\n<blockquote><p>LES SORTIES CANYONING<\/p><\/blockquote>\n<div class=\"col-sm-6\"><img loading=\"lazy\" decoding=\"async\" src=\"https:\/\/funtrip-canyoning.fr\/wp-content\/uploads\/2015\/11\/12509048_734280393340634_1836829201355283753_n.jpg\" alt=\"12509048_734280393340634_1836829201355283753_n\" width=\"960\" height=\"639\" class=\"aligncenter size-full wp-image-1340\" srcset=\"https:\/\/funtrip-canyoning.fr\/wp-content\/uploads\/2015\/11\/12509048_734280393340634_1836829201355283753_n.jpg 960w, https:\/\/funtrip-canyoning.fr\/wp-content\/uploads\/2015\/11\/12509048_734280393340634_1836829201355283753_n-300x200.jpg 300w, https:\/\/funtrip-canyoning.fr\/wp-content\/uploads\/2015\/11\/12509048_734280393340634_1836829201355283753_n-768x511.jpg 768w\" sizes=\"auto, (max-width: 960px) 100vw, 960px\" \/><\/div>\n<div class=\"col-sm-6\">\n<p>De nombreux canyons, ludiques et plus ou moins sportifs sauront vous divertir ! Pour n\u2019en citer que quelques uns : Cramassouri, Maglia, Bollene, Gorges du loup, Bes courmes, Riolan&#8230;<br \/>\nD\u00e9parts tous les jours en p\u00e9riode estivale, n\u2019h\u00e9sitez pas a nous contacter pour plus d\u2019informations ou pour r\u00e9server !<br \/>\nFantastique, ludique et relaxant<br \/>\nEncha\u00eenez, \u00e0 votre rythme et en toute s\u00e9curit\u00e9, les sauts, rappels et glissades dans un \u00e9crin somptueux et pr\u00e9serv\u00e9, parsem\u00e9 de vasques aux eaux lipides, de toboggans naturels, de parois rocheuses et de paysages \u00e0 couper le souffle. Marchez, nagez, glissez, sautez\u2026 choisissez votre niveau et suivez nos guides dans une aventure in\u00e9dite au c\u0153ur des plus beaux canyons des Alpes-Maritimes.<\/p>\n<\/div>\n<div class=\"col-sm-12\"><\/div>\n<div class=\"col-sm-6\"><img loading=\"lazy\" decoding=\"async\" src=\"https:\/\/funtrip-canyoning.fr\/wp-content\/uploads\/2015\/11\/Bes-de-courmes.jpg\" alt=\"bes-de-courmes\" width=\"960\" height=\"720\" class=\"aligncenter size-full wp-image-1341\" srcset=\"https:\/\/funtrip-canyoning.fr\/wp-content\/uploads\/2015\/11\/Bes-de-courmes.jpg 960w, https:\/\/funtrip-canyoning.fr\/wp-content\/uploads\/2015\/11\/Bes-de-courmes-300x225.jpg 300w, https:\/\/funtrip-canyoning.fr\/wp-content\/uploads\/2015\/11\/Bes-de-courmes-768x576.jpg 768w\" sizes=\"auto, (max-width: 960px) 100vw, 960px\" \/><\/div>\n<div class=\"col-sm-6\"><img loading=\"lazy\" decoding=\"async\" src=\"https:\/\/funtrip-canyoning.fr\/wp-content\/uploads\/2015\/11\/G0108173-1024x768.jpg\" alt=\"DCIM100GOPRO\" width=\"1024\" height=\"768\" class=\"aligncenter size-large wp-image-1342\" srcset=\"https:\/\/funtrip-canyoning.fr\/wp-content\/uploads\/2015\/11\/G0108173-1024x768.jpg 1024w, https:\/\/funtrip-canyoning.fr\/wp-content\/uploads\/2015\/11\/G0108173-300x225.jpg 300w, https:\/\/funtrip-canyoning.fr\/wp-content\/uploads\/2015\/11\/G0108173-768x576.jpg 768w\" sizes=\"auto, (max-width: 1024px) 100vw, 1024px\" \/><\/div>\n<div class=\"col-sm-12\"><\/div>\n<div class=\"col-sm-6\"><img loading=\"lazy\" decoding=\"async\" src=\"https:\/\/funtrip-canyoning.fr\/wp-content\/uploads\/2015\/11\/G0228352-1024x768.jpg\" alt=\"DCIM100GOPRO\" width=\"1024\" height=\"768\" class=\"aligncenter size-large wp-image-1343\" srcset=\"https:\/\/funtrip-canyoning.fr\/wp-content\/uploads\/2015\/11\/G0228352-1024x768.jpg 1024w, https:\/\/funtrip-canyoning.fr\/wp-content\/uploads\/2015\/11\/G0228352-300x225.jpg 300w, https:\/\/funtrip-canyoning.fr\/wp-content\/uploads\/2015\/11\/G0228352-768x576.jpg 768w\" sizes=\"auto, (max-width: 1024px) 100vw, 1024px\" \/><\/div>\n<div class=\"col-sm-6\"><img loading=\"lazy\" decoding=\"async\" src=\"https:\/\/funtrip-canyoning.fr\/wp-content\/uploads\/2015\/11\/P7060071-1024x683.jpg\" alt=\"OLYMPUS DIGITAL CAMERA\" width=\"1024\" height=\"683\" class=\"aligncenter size-large wp-image-1346\" srcset=\"https:\/\/funtrip-canyoning.fr\/wp-content\/uploads\/2015\/11\/P7060071-1024x683.jpg 1024w, https:\/\/funtrip-canyoning.fr\/wp-content\/uploads\/2015\/11\/P7060071-300x200.jpg 300w, https:\/\/funtrip-canyoning.fr\/wp-content\/uploads\/2015\/11\/P7060071-768x512.jpg 768w\" sizes=\"auto, (max-width: 1024px) 100vw, 1024px\" \/><\/div>\n<div class=\"col-sm-12\"><\/div>\n<div class=\"col-sm-6\"><img loading=\"lazy\" decoding=\"async\" src=\"https:\/\/funtrip-canyoning.fr\/wp-content\/uploads\/2015\/11\/Bes-de-courmes7-768x1024.jpg\" alt=\"OLYMPUS DIGITAL CAMERA\" width=\"768\" height=\"1024\" class=\"aligncenter size-large wp-image-1344\" srcset=\"https:\/\/funtrip-canyoning.fr\/wp-content\/uploads\/2015\/11\/Bes-de-courmes7-768x1024.jpg 768w, https:\/\/funtrip-canyoning.fr\/wp-content\/uploads\/2015\/11\/Bes-de-courmes7-225x300.jpg 225w\" sizes=\"auto, (max-width: 768px) 100vw, 768px\" \/><\/div>\n<div class=\"col-sm-6\"><img loading=\"lazy\" decoding=\"async\" src=\"https:\/\/funtrip-canyoning.fr\/wp-content\/uploads\/2015\/11\/Riolan4.jpg\" alt=\"riolan4\" width=\"640\" height=\"960\" class=\"aligncenter size-full wp-image-1345\" srcset=\"https:\/\/funtrip-canyoning.fr\/wp-content\/uploads\/2015\/11\/Riolan4.jpg 640w, https:\/\/funtrip-canyoning.fr\/wp-content\/uploads\/2015\/11\/Riolan4-200x300.jpg 200w\" sizes=\"auto, (max-width: 640px) 100vw, 640px\" \/><\/div>\n<\/div>\n<div role=\"tabpanel\" class=\"tab-pane\" id=\"speleo\">\n<blockquote><p>LES SORTIES SP\u00c9L\u00c9OLOGIE<\/p><\/blockquote>\n<div class=\"col-sm-6\">\n<p>Explorez les cavit\u00e9s souterraines et partez \u00e0 la d\u00e9couverte d\u2019un univers min\u00e9ral, aquatique et biologique formidablement pr\u00e9serv\u00e9. Cette activit\u00e9 propose une approche scientifique et p\u00e9dagogique des cavit\u00e9s, avec une explication de la notion de \u00ab sp\u00e9l\u00e9ologie \u00bb. Vous y apprendrez \u00e9galement \u00e0 reconna\u00eetre les diff\u00e9rentes formes cristallines (stalactites, stalagmites, draperie\u2026), \u00e0 interpr\u00e9ter les couleurs correspondant aux diff\u00e9rents min\u00e9raux.<\/br><br \/>\nVous d\u00e9couvrirez pourquoi on trouve une circulation d\u2019air \u00e0 l\u2019int\u00e9rieur des cavit\u00e9s et quelle cat\u00e9gorie d\u2019animaux vit dans cet environnement particulier. Ce parcours est \u00e0 la fois ludique avec des jeux, p\u00e9dagogique avec un apprentissage du milieu, et sportif avec des descentes en rappel (facultatives selon les sites). Il s\u2019adresse \u00e0 tous et aux enfants d\u00e8s 3 ans.<\/div>\n<div class=\"col-sm-6\"><img loading=\"lazy\" decoding=\"async\" src=\"https:\/\/funtrip-canyoning.fr\/wp-content\/uploads\/2015\/11\/Aven-du-Vigneron1.jpg\" alt=\"aven-du-vigneron1\" width=\"960\" height=\"720\" class=\"aligncenter size-full wp-image-1352\" srcset=\"https:\/\/funtrip-canyoning.fr\/wp-content\/uploads\/2015\/11\/Aven-du-Vigneron1.jpg 960w, https:\/\/funtrip-canyoning.fr\/wp-content\/uploads\/2015\/11\/Aven-du-Vigneron1-300x225.jpg 300w, https:\/\/funtrip-canyoning.fr\/wp-content\/uploads\/2015\/11\/Aven-du-Vigneron1-768x576.jpg 768w\" sizes=\"auto, (max-width: 960px) 100vw, 960px\" \/><\/div>\n<div class=\"col-sm-12\"><\/div>\n<div class=\"col-sm-6\"><img loading=\"lazy\" decoding=\"async\" src=\"https:\/\/funtrip-canyoning.fr\/wp-content\/uploads\/2015\/11\/Baume-des-caranques-the\u0301o-1er-rappel-2007-2-1024x768.jpg\" alt=\"baume-des-caranques-theo-1er-rappel-2007-2\" width=\"1024\" height=\"768\" class=\"aligncenter size-large wp-image-1353\" srcset=\"https:\/\/funtrip-canyoning.fr\/wp-content\/uploads\/2015\/11\/Baume-des-caranques-the\u0301o-1er-rappel-2007-2-1024x768.jpg 1024w, https:\/\/funtrip-canyoning.fr\/wp-content\/uploads\/2015\/11\/Baume-des-caranques-the\u0301o-1er-rappel-2007-2-300x225.jpg 300w, https:\/\/funtrip-canyoning.fr\/wp-content\/uploads\/2015\/11\/Baume-des-caranques-the\u0301o-1er-rappel-2007-2-768x576.jpg 768w\" sizes=\"auto, (max-width: 1024px) 100vw, 1024px\" \/><\/div>\n<div class=\"col-sm-6\"><img loading=\"lazy\" decoding=\"async\" src=\"https:\/\/funtrip-canyoning.fr\/wp-content\/uploads\/2015\/11\/Baume-des-caranques-the\u0301o-1er-rappel-2007-25-1024x768.jpg\" alt=\"baume-des-caranques-theo-1er-rappel-2007-25\" width=\"1024\" height=\"768\" class=\"aligncenter size-large wp-image-1355\" srcset=\"https:\/\/funtrip-canyoning.fr\/wp-content\/uploads\/2015\/11\/Baume-des-caranques-the\u0301o-1er-rappel-2007-25-1024x768.jpg 1024w, https:\/\/funtrip-canyoning.fr\/wp-content\/uploads\/2015\/11\/Baume-des-caranques-the\u0301o-1er-rappel-2007-25-300x225.jpg 300w, https:\/\/funtrip-canyoning.fr\/wp-content\/uploads\/2015\/11\/Baume-des-caranques-the\u0301o-1er-rappel-2007-25-768x576.jpg 768w\" sizes=\"auto, (max-width: 1024px) 100vw, 1024px\" \/><\/div>\n<div class=\"col-sm-12\"><\/div>\n<div class=\"col-sm-6\"><img loading=\"lazy\" decoding=\"async\" src=\"https:\/\/funtrip-canyoning.fr\/wp-content\/uploads\/2015\/11\/Grotte-de-Paques2.jpg\" alt=\"grotte-de-paques2\" width=\"960\" height=\"720\" class=\"aligncenter size-full wp-image-1356\" srcset=\"https:\/\/funtrip-canyoning.fr\/wp-content\/uploads\/2015\/11\/Grotte-de-Paques2.jpg 960w, https:\/\/funtrip-canyoning.fr\/wp-content\/uploads\/2015\/11\/Grotte-de-Paques2-300x225.jpg 300w, https:\/\/funtrip-canyoning.fr\/wp-content\/uploads\/2015\/11\/Grotte-de-Paques2-768x576.jpg 768w\" sizes=\"auto, (max-width: 960px) 100vw, 960px\" \/><\/div>\n<div class=\"col-sm-6\"><img loading=\"lazy\" decoding=\"async\" src=\"https:\/\/funtrip-canyoning.fr\/wp-content\/uploads\/2015\/11\/Keops-Keffren2-1024x768.jpg\" alt=\"OLYMPUS DIGITAL CAMERA\" width=\"1024\" height=\"768\" class=\"aligncenter size-large wp-image-1358\" srcset=\"https:\/\/funtrip-canyoning.fr\/wp-content\/uploads\/2015\/11\/Keops-Keffren2-1024x768.jpg 1024w, https:\/\/funtrip-canyoning.fr\/wp-content\/uploads\/2015\/11\/Keops-Keffren2-300x225.jpg 300w, https:\/\/funtrip-canyoning.fr\/wp-content\/uploads\/2015\/11\/Keops-Keffren2-768x576.jpg 768w\" sizes=\"auto, (max-width: 1024px) 100vw, 1024px\" \/><\/div>\n<div class=\"col-sm-12\"><\/div>\n<div class=\"col-sm-6\"><img loading=\"lazy\" decoding=\"async\" src=\"https:\/\/funtrip-canyoning.fr\/wp-content\/uploads\/2015\/11\/P7020002-e1473669849915-683x1024.jpg\" alt=\"OLYMPUS DIGITAL CAMERA\" width=\"683\" height=\"1024\" class=\"aligncenter size-large wp-image-1361\" srcset=\"https:\/\/funtrip-canyoning.fr\/wp-content\/uploads\/2015\/11\/P7020002-e1473669849915-683x1024.jpg 683w, https:\/\/funtrip-canyoning.fr\/wp-content\/uploads\/2015\/11\/P7020002-e1473669849915-200x300.jpg 200w, https:\/\/funtrip-canyoning.fr\/wp-content\/uploads\/2015\/11\/P7020002-e1473669849915-768x1152.jpg 768w\" sizes=\"auto, (max-width: 683px) 100vw, 683px\" \/><\/div>\n<\/div>\n<div role=\"tabpanel\" class=\"tab-pane\" id=\"ferrata\">\n<blockquote><p>LES VIA FERRATA<\/p><\/blockquote>\n<div class=\"col-sm-6\"><img loading=\"lazy\" decoding=\"async\" src=\"https:\/\/funtrip-canyoning.fr\/wp-content\/uploads\/2015\/11\/escale-1024x768.jpg\" alt=\"OLYMPUS DIGITAL CAMERA\" width=\"1024\" height=\"768\" class=\"aligncenter size-large wp-image-1366\" srcset=\"https:\/\/funtrip-canyoning.fr\/wp-content\/uploads\/2015\/11\/escale-1024x768.jpg 1024w, https:\/\/funtrip-canyoning.fr\/wp-content\/uploads\/2015\/11\/escale-300x225.jpg 300w, https:\/\/funtrip-canyoning.fr\/wp-content\/uploads\/2015\/11\/escale-768x576.jpg 768w\" sizes=\"auto, (max-width: 1024px) 100vw, 1024px\" \/><\/div>\n<div class=\"col-sm-6\">\nLa via ferrata est de l\u2019escalade artificielle pour tous, n\u00e9 au d\u00e9but du si\u00e8cle par les Italiens pour s\u2019enfuir face au Allemand, elle a \u00e9t\u00e9 remis \u00e0 jour pour le grand tourisme, au d\u00e9but des ann\u00e9es 80.<br \/>\nAvec de nombreux passages \u00e9tonnants, comme la travers\u00e9e d\u2019une grotte, ou encore la remont\u00e9e d\u2019un surplomb face au vide, la via ferrata de peille \u00ab L\u2019Escale \u00bb procure beaucoup de plaisirs et de sensations \u00e0 ses participants.<br \/>\nAvec de nombreux points de vues cela la classe parmi les via, les plus pris\u00e9e de notre d\u00e9partement.\n<\/div>\n<div class=\"col-sm-12\"><\/div>\n<div class=\"col-sm-6\"><img loading=\"lazy\" decoding=\"async\" src=\"https:\/\/funtrip-canyoning.fr\/wp-content\/uploads\/2015\/11\/PA150119-1024x768.jpg\" alt=\"OLYMPUS DIGITAL CAMERA\" width=\"1024\" height=\"768\" class=\"aligncenter size-large wp-image-1372\" srcset=\"https:\/\/funtrip-canyoning.fr\/wp-content\/uploads\/2015\/11\/PA150119-1024x768.jpg 1024w, https:\/\/funtrip-canyoning.fr\/wp-content\/uploads\/2015\/11\/PA150119-300x225.jpg 300w, https:\/\/funtrip-canyoning.fr\/wp-content\/uploads\/2015\/11\/PA150119-768x576.jpg 768w\" sizes=\"auto, (max-width: 1024px) 100vw, 1024px\" \/><\/div>\n<div class=\"col-sm-6\"><img loading=\"lazy\" decoding=\"async\" src=\"https:\/\/funtrip-canyoning.fr\/wp-content\/uploads\/2015\/11\/PA150093-1024x768.jpg\" alt=\"OLYMPUS DIGITAL CAMERA\" width=\"1024\" height=\"768\" class=\"aligncenter size-large wp-image-1370\" srcset=\"https:\/\/funtrip-canyoning.fr\/wp-content\/uploads\/2015\/11\/PA150093-1024x768.jpg 1024w, https:\/\/funtrip-canyoning.fr\/wp-content\/uploads\/2015\/11\/PA150093-300x225.jpg 300w, https:\/\/funtrip-canyoning.fr\/wp-content\/uploads\/2015\/11\/PA150093-768x576.jpg 768w\" sizes=\"auto, (max-width: 1024px) 100vw, 1024px\" \/><\/div>\n<div class=\"col-sm-12\"><\/div>\n<div class=\"col-sm-6\"><img loading=\"lazy\" decoding=\"async\" src=\"https:\/\/funtrip-canyoning.fr\/wp-content\/uploads\/2015\/11\/pour-demoiselle-3-e1473670608798-768x1024.jpg\" alt=\"OLYMPUS DIGITAL CAMERA\" width=\"768\" height=\"1024\" class=\"aligncenter size-large wp-image-1368\" srcset=\"https:\/\/funtrip-canyoning.fr\/wp-content\/uploads\/2015\/11\/pour-demoiselle-3-e1473670608798-768x1024.jpg 768w, https:\/\/funtrip-canyoning.fr\/wp-content\/uploads\/2015\/11\/pour-demoiselle-3-e1473670608798-225x300.jpg 225w\" sizes=\"auto, (max-width: 768px) 100vw, 768px\" \/><\/div>\n<div class=\"col-sm-6\"><img loading=\"lazy\" decoding=\"async\" src=\"https:\/\/funtrip-canyoning.fr\/wp-content\/uploads\/2015\/11\/pour-demoiselles-e1473670637227-768x1024.jpg\" alt=\"OLYMPUS DIGITAL CAMERA\" width=\"768\" height=\"1024\" class=\"aligncenter size-large wp-image-1374\" srcset=\"https:\/\/funtrip-canyoning.fr\/wp-content\/uploads\/2015\/11\/pour-demoiselles-e1473670637227-768x1024.jpg 768w, https:\/\/funtrip-canyoning.fr\/wp-content\/uploads\/2015\/11\/pour-demoiselles-e1473670637227-225x300.jpg 225w\" sizes=\"auto, (max-width: 768px) 100vw, 768px\" \/><\/div>\n<\/div>\n<\/div><\/div>\n","protected":false},"excerpt":{"rendered":"<p>FAITES DE VOS EVENEMENTS UN MOMENT UNIQUE ! Chaque programme, encadr\u00e9 par une \u00e9quipe de guides professionnels, sera adapt\u00e9 \u00e0 votre demande. Sortie canyoning, sp\u00e9l\u00e9ologie, challenge ou raids\u2026 quel que soit votre projet, nous sommes \u00e0 votre \u00e9coute et nous d\u00e9finissons ensemble l\u2019activit\u00e9 et le fil conducteur de votre s\u00e9jour, en coh\u00e9rence avec votre service [&hellip;]<\/p>\n","protected":false},"author":2,"featured_media":0,"parent":0,"menu_order":0,"comment_status":"closed","ping_status":"closed","template":"","meta":{"footnotes":""},"class_list":["post-298","page","type-page","status-publish","hentry"],"_links":{"self":[{"href":"https:\/\/funtrip-canyoning.fr\/en\/wp-json\/wp\/v2\/pages\/298","targetHints":{"allow":["GET"]}}],"collection":[{"href":"https:\/\/funtrip-canyoning.fr\/en\/wp-json\/wp\/v2\/pages"}],"about":[{"href":"https:\/\/funtrip-canyoning.fr\/en\/wp-json\/wp\/v2\/types\/page"}],"author":[{"embeddable":true,"href":"https:\/\/funtrip-canyoning.fr\/en\/wp-json\/wp\/v2\/users\/2"}],"replies":[{"embeddable":true,"href":"https:\/\/funtrip-canyoning.fr\/en\/wp-json\/wp\/v2\/comments?post=298"}],"version-history":[{"count":2,"href":"https:\/\/funtrip-canyoning.fr\/en\/wp-json\/wp\/v2\/pages\/298\/revisions"}],"predecessor-version":[{"id":5580,"href":"https:\/\/funtrip-canyoning.fr\/en\/wp-json\/wp\/v2\/pages\/298\/revisions\/5580"}],"wp:attachment":[{"href":"https:\/\/funtrip-canyoning.fr\/en\/wp-json\/wp\/v2\/media?parent=298"}],"curies":[{"name":"wp","href":"https:\/\/api.w.org\/{rel}","templated":true}]}}